{"id":34,"date":"2023-01-30T12:19:42","date_gmt":"2023-01-30T12:19:42","guid":{"rendered":"http:\/\/localhost:8080\/wordpressAida\/?page_id=34"},"modified":"2026-04-10T13:38:38","modified_gmt":"2026-04-10T13:38:38","slug":"about-me","status":"publish","type":"page","link":"https:\/\/aidajamal.com\/fr\/about-me\/","title":{"rendered":"About me"},"content":{"rendered":"<div class=\"wp-block-group alignfull has-white-background-color has-background\"><div class=\"wp-block-group__inner-container is-layout-flow wp-block-group-is-layout-flow\">\n<div class=\"wp-block-columns alignwide is-layout-flex wp-container-core-columns-is-layout-9d6595d7 wp-block-columns-is-layout-flex\">\n<div class=\"wp-block-column is-layout-flow wp-block-column-is-layout-flow\">\n<div style=\"height:75px\" aria-hidden=\"true\" class=\"wp-block-spacer\"><\/div>\n\n\n\n<h6 class=\"wp-block-heading has-text-color has-small-font-size\" id=\"ecosystem\" style=\"color:#000000\"><\/h6>\n\n\n\n<p class=\"has-text-color\" style=\"color:#000000;font-size:5vw;line-height:1.1\"><strong>THE FOUNDER <\/strong><\/p>\n\n\n\n<div style=\"height:5px\" aria-hidden=\"true\" class=\"wp-block-spacer\"><\/div>\n<\/div>\n<\/div>\n\n\n\n<div class=\"wp-block-columns alignwide is-layout-flex wp-container-core-columns-is-layout-9d6595d7 wp-block-columns-is-layout-flex\">\n<div class=\"wp-block-column is-layout-flow wp-block-column-is-layout-flow\" style=\"flex-basis:60%\">\n<p><\/p>\n\n\n\n<p class=\"has-text-color has-extra-small-font-size\" style=\"color:#000000\">A\u00efda Jamal est la fondatrice de Tahssis. Elle est psychologue clinicienne, cr\u00e9atrice d'art et danseuse contemporaine. <\/p>\n\n\n\n<p class=\"has-text-color has-extra-small-font-size\" style=\"color:#000000\">N\u00e9e \u00e0 Rabat, elle a eu l'opportunit\u00e9 de grandir dans diff\u00e9rentes villes du Maroc, ce qui a favoris\u00e9 son ouverture d'esprit envers diff\u00e9rentes cultures et lui a servi de source d'inspiration importante. Parall\u00e8lement \u00e0 ses \u00e9tudes acad\u00e9miques, A\u00efda a suivi une formation en contact improvisation et en danse contemporaine \u00e0 travers diff\u00e9rents programmes nationaux et internationaux d\u00e9di\u00e9s. <\/p>\n\n\n\n<p class=\"has-text-color has-extra-small-font-size\" style=\"color:#000000\">Pendant plus de cinq ans, elle participe activement \u00e0 de nombreux programmes, cr\u00e9ations et r\u00e9sidences avec de nombreux dramaturges et chor\u00e9graphes tels que Taoufik Izeddiou, Khalid Benghrib, compagnie Irtijal, compagnie Col'jam, Meryem Alaoui, Nacera Belaza, Meryem Jazouli, Nedjma Hadj Benchelabi, Bernardo Montet, Libertad Pazo et autres. <\/p>\n\n\n\n<p class=\"has-text-color has-extra-small-font-size\" style=\"color:#000000\">Actuellement, elle partage son temps entre le Maroc et l'Europe, s'engageant dans des projets artistiques, psychologiques et culturels.<\/p>\n\n\n\n<p class=\"has-text-color has-extra-small-font-size\" style=\"color:#000000\"><\/p>\n\n\n\n<p class=\"has-text-color has-extra-small-font-size\" style=\"color:#000000\"><\/p>\n<\/div>\n\n\n\n<div class=\"wp-block-column is-layout-flow wp-block-column-is-layout-flow\" style=\"flex-basis:40%\">\n<figure class=\"wp-block-image size-large is-resized\"><img loading=\"lazy\" decoding=\"async\" width=\"1024\" height=\"683\" src=\"https:\/\/aidajamal.com\/wp-content\/uploads\/2024\/04\/Portrait-AIDA-JAMAL-1024x683.jpg\" alt=\"\" class=\"wp-image-531\" style=\"width:420px;height:280px\" srcset=\"https:\/\/aidajamal.com\/wp-content\/uploads\/2024\/04\/Portrait-AIDA-JAMAL-1024x683.jpg 1024w, https:\/\/aidajamal.com\/wp-content\/uploads\/2024\/04\/Portrait-AIDA-JAMAL-300x200.jpg 300w, https:\/\/aidajamal.com\/wp-content\/uploads\/2024\/04\/Portrait-AIDA-JAMAL-768x512.jpg 768w, https:\/\/aidajamal.com\/wp-content\/uploads\/2024\/04\/Portrait-AIDA-JAMAL-1536x1024.jpg 1536w, https:\/\/aidajamal.com\/wp-content\/uploads\/2024\/04\/Portrait-AIDA-JAMAL-2048x1365.jpg 2048w\" sizes=\"auto, (max-width: 1024px) 100vw, 1024px\" \/><\/figure>\n<\/div>\n<\/div>\n<\/div><\/div>","protected":false},"excerpt":{"rendered":"<p>THE FOUNDER A\u00efda Jamal is the founder of Tahssis. She is a clinical psychologist, an art creator and a contemporary [&hellip;]<\/p>\n","protected":false},"author":1,"featured_media":388,"parent":0,"menu_order":0,"comment_status":"closed","ping_status":"closed","template":"templates\/template-about.php","meta":{"_acf_changed":false,"footnotes":""},"class_list":["post-34","page","type-page","status-publish","has-post-thumbnail","hentry"],"acf":[],"_links":{"self":[{"href":"https:\/\/aidajamal.com\/fr\/wp-json\/wp\/v2\/pages\/34","targetHints":{"allow":["GET"]}}],"collection":[{"href":"https:\/\/aidajamal.com\/fr\/wp-json\/wp\/v2\/pages"}],"about":[{"href":"https:\/\/aidajamal.com\/fr\/wp-json\/wp\/v2\/types\/page"}],"author":[{"embeddable":true,"href":"https:\/\/aidajamal.com\/fr\/wp-json\/wp\/v2\/users\/1"}],"replies":[{"embeddable":true,"href":"https:\/\/aidajamal.com\/fr\/wp-json\/wp\/v2\/comments?post=34"}],"version-history":[{"count":23,"href":"https:\/\/aidajamal.com\/fr\/wp-json\/wp\/v2\/pages\/34\/revisions"}],"predecessor-version":[{"id":629,"href":"https:\/\/aidajamal.com\/fr\/wp-json\/wp\/v2\/pages\/34\/revisions\/629"}],"wp:featuredmedia":[{"embeddable":true,"href":"https:\/\/aidajamal.com\/fr\/wp-json\/wp\/v2\/media\/388"}],"wp:attachment":[{"href":"https:\/\/aidajamal.com\/fr\/wp-json\/wp\/v2\/media?parent=34"}],"curies":[{"name":"wp","href":"https:\/\/api.w.org\/{rel}","templated":true}]}}