{"id":606,"date":"2026-04-07T10:37:46","date_gmt":"2026-04-07T10:37:46","guid":{"rendered":"https:\/\/aidajamal.com\/?page_id=606"},"modified":"2026-04-28T12:55:26","modified_gmt":"2026-04-28T12:55:26","slug":"psy-profil","status":"publish","type":"page","link":"https:\/\/aidajamal.com\/fr\/psy-profil\/","title":{"rendered":"Profil psy"},"content":{"rendered":"<div class=\"wp-block-group alignfull has-white-background-color has-background\"><div class=\"wp-block-group__inner-container is-layout-flow wp-block-group-is-layout-flow\">\n<div class=\"wp-block-columns alignwide is-layout-flex wp-container-core-columns-is-layout-9d6595d7 wp-block-columns-is-layout-flex\">\n<div class=\"wp-block-column is-layout-flow wp-block-column-is-layout-flow\">\n<div style=\"height:75px\" aria-hidden=\"true\" class=\"wp-block-spacer\"><\/div>\n\n\n\n<h6 class=\"wp-block-heading has-text-color has-small-font-size\" id=\"ecosystem\" style=\"color:#000000\"><\/h6>\n\n\n\n<p class=\"has-text-color\" style=\"color:#000000;font-size:5vw;line-height:1.1\"><strong>PSY PROFIL <\/strong><\/p>\n\n\n\n<div style=\"height:5px\" aria-hidden=\"true\" class=\"wp-block-spacer\"><\/div>\n<\/div>\n<\/div>\n\n\n\n<div class=\"wp-block-columns alignwide is-layout-flex wp-container-core-columns-is-layout-9d6595d7 wp-block-columns-is-layout-flex\">\n<div class=\"wp-block-column is-layout-flow wp-block-column-is-layout-flow\" style=\"flex-basis:60%\">\n<p><strong>Fond\u00e9e par A\u00efda Jamal<\/strong><\/p>\n\n\n\n<p class=\"has-text-color has-extra-small-font-size\" style=\"color:#000000\"><strong>Holding<\/strong> <strong>Space<\/strong> est un espace th\u00e9rapeutique d\u00e9di\u00e9 \u00e0 l\u2019\u00e9coute, \u00e0 l\u2019accompagnement et \u00e0 la rencontre de soi. Il se pr\u00e9sente comme un lieu d\u2019ancrage o\u00f9 la parole peut se d\u00e9poser, o\u00f9 les \u00e9motions peuvent circuler, et o\u00f9 chaque parcours trouve un espace d\u2019accueil s\u00e9curis\u00e9, sans jugement ni exigence de performance, que ce soit dans une d\u00e9marche individuelle, de couple ou familiale.<\/p>\n\n\n\n<p>L\u2019accompagnement propos\u00e9 s\u2019inscrit dans une approche globale, ajust\u00e9e aux besoins de chacun. Le travail th\u00e9rapeutique s\u2019appuie notamment sur la th\u00e9rapie des sch\u00e9mas, la psychodynamique, ainsi que des inspirations issues de la pens\u00e9e syst\u00e9mique, afin d\u2019\u00e9clairer les exp\u00e9riences dans leur complexit\u00e9 psychique, relationnelle et existentielle.<\/p>\n\n\n\n<p>Une attention particuli\u00e8re est accord\u00e9e aux m\u00e9diations cr\u00e9atives et psychocorporelles, notamment \u00e0 travers l\u2019art-th\u00e9rapie, offrant des voies d\u2019expression lorsque les mots ne suffisent plus, et ouvrant d\u2019autres chemins d\u2019\u00e9laboration et de transformation.<\/p>\n\n\n\n<p>En compl\u00e9ment des suivis individuels, Holding Space d\u00e9veloppe des ateliers th\u00e9matiques ainsi que des espaces de rencontre et de r\u00e9flexion, ouverts tant aux professionnels qu\u2019au grand public. Ces temps proposent des analyses de films, des cercles de lecture pour enfants et adultes, ainsi que des moments d\u2019\u00e9change autour des pratiques cliniques, artistiques et contemporaines, afin de nourrir la pens\u00e9e, le dialogue et la sensibilisation collective.<\/p>\n\n\n\n<p>Holding Space est ainsi un espace de pr\u00e9sence et de transformation, o\u00f9 chacun peut cheminer \u00e0 son rythme dans un processus d\u2019exploration int\u00e9rieure profond\u00e9ment humain.<\/p>\n\n\n\n<p class=\"mb-0\">En ligne \/ Rabat<\/p>\n\n\n\n<p class=\"mb-0 has-text-color has-extra-small-font-size\" style=\"color:#000000\">@holdingspace.psychology<\/p>\n\n\n\n<p class=\"has-text-color has-extra-small-font-size\" style=\"color:#000000\"><\/p>\n\n\n\n<p class=\"has-text-color has-extra-small-font-size\" style=\"color:#000000\"><\/p>\n\n\n\n<p class=\"has-text-color has-extra-small-font-size\" style=\"color:#000000\"><\/p>\n<\/div>\n\n\n\n<div class=\"wp-block-column is-layout-flow wp-block-column-is-layout-flow\" style=\"flex-basis:40%\">\n<figure class=\"wp-block-image size-full\"><img loading=\"lazy\" decoding=\"async\" width=\"997\" height=\"570\" src=\"https:\/\/aidajamal.com\/wp-content\/uploads\/2026\/04\/HS-e1775828965539.png\" alt=\"\" class=\"wp-image-631\" srcset=\"https:\/\/aidajamal.com\/wp-content\/uploads\/2026\/04\/HS-e1775828965539.png 997w, https:\/\/aidajamal.com\/wp-content\/uploads\/2026\/04\/HS-e1775828965539-300x172.png 300w, https:\/\/aidajamal.com\/wp-content\/uploads\/2026\/04\/HS-e1775828965539-768x439.png 768w, https:\/\/aidajamal.com\/wp-content\/uploads\/2026\/04\/HS-e1775828965539-18x10.png 18w\" sizes=\"auto, (max-width: 997px) 100vw, 997px\" \/><\/figure>\n<\/div>\n<\/div>\n<\/div><\/div>","protected":false},"excerpt":{"rendered":"<p>PSY PROFIL Fond\u00e9e par A\u00efda Jamal Holding Space est un espace th\u00e9rapeutique d\u00e9di\u00e9 \u00e0 l\u2019\u00e9coute, \u00e0 l\u2019accompagnement et \u00e0 la [&hellip;]<\/p>\n","protected":false},"author":1,"featured_media":0,"parent":0,"menu_order":0,"comment_status":"closed","ping_status":"closed","template":"templates\/template-psy.php","meta":{"_acf_changed":false,"footnotes":""},"class_list":["post-606","page","type-page","status-publish","hentry"],"acf":[],"_links":{"self":[{"href":"https:\/\/aidajamal.com\/fr\/wp-json\/wp\/v2\/pages\/606","targetHints":{"allow":["GET"]}}],"collection":[{"href":"https:\/\/aidajamal.com\/fr\/wp-json\/wp\/v2\/pages"}],"about":[{"href":"https:\/\/aidajamal.com\/fr\/wp-json\/wp\/v2\/types\/page"}],"author":[{"embeddable":true,"href":"https:\/\/aidajamal.com\/fr\/wp-json\/wp\/v2\/users\/1"}],"replies":[{"embeddable":true,"href":"https:\/\/aidajamal.com\/fr\/wp-json\/wp\/v2\/comments?post=606"}],"version-history":[{"count":10,"href":"https:\/\/aidajamal.com\/fr\/wp-json\/wp\/v2\/pages\/606\/revisions"}],"predecessor-version":[{"id":682,"href":"https:\/\/aidajamal.com\/fr\/wp-json\/wp\/v2\/pages\/606\/revisions\/682"}],"wp:attachment":[{"href":"https:\/\/aidajamal.com\/fr\/wp-json\/wp\/v2\/media?parent=606"}],"curies":[{"name":"wp","href":"https:\/\/api.w.org\/{rel}","templated":true}]}}